{"id":210,"date":"2022-05-11T03:58:18","date_gmt":"2022-05-11T03:58:18","guid":{"rendered":"http:\/\/www.diekreativen.at\/?page_id=210"},"modified":"2023-01-01T16:19:21","modified_gmt":"2023-01-01T16:19:21","slug":"home","status":"publish","type":"page","link":"http:\/\/www.diekreativen.at\/","title":{"rendered":"Home"},"content":{"rendered":"\n<h1 class=\"has-secondary-color has-text-color has-huge-font-size\">Sie suchen:<\/h1>\n\n\n\n<ul class=\"has-black-color has-text-color has-background has-medium-font-size\" style=\"background-color:#ffffff69\"><li>Z\u00fcndende Ideen<\/li><li>Versierte Projektausf\u00fchrung<\/li><li>Gute Drehb\u00fccher bzw. professionelle Regief\u00fchrung<\/li><li><strong>Kompetente Ansprechpartnerinnen<\/strong>&#8230;<\/li><li><strong>Kontaktieren Sie uns!<\/strong><\/li><\/ul>\n\n\n\n<p><\/p>\n\n\n\n<p><\/p>\n\n\n\n<p><\/p>\n\n\n\n<div class=\"wp-block-cover\"><span aria-hidden=\"true\" class=\"wp-block-cover__background has-background-dim\"><\/span><img loading=\"lazy\" width=\"1024\" height=\"768\" class=\"wp-block-cover__image-background wp-image-308\" alt=\"\" src=\"http:\/\/www.diekreativen.at\/wp-content\/uploads\/2022\/05\/IMG-20200819-WA0006-1024x768.jpg\" data-object-fit=\"cover\" srcset=\"http:\/\/www.diekreativen.at\/wp-content\/uploads\/2022\/05\/IMG-20200819-WA0006-1024x768.jpg 1024w, http:\/\/www.diekreativen.at\/wp-content\/uploads\/2022\/05\/IMG-20200819-WA0006-300x225.jpg 300w, http:\/\/www.diekreativen.at\/wp-content\/uploads\/2022\/05\/IMG-20200819-WA0006-768x576.jpg 768w, http:\/\/www.diekreativen.at\/wp-content\/uploads\/2022\/05\/IMG-20200819-WA0006-1536x1152.jpg 1536w, http:\/\/www.diekreativen.at\/wp-content\/uploads\/2022\/05\/IMG-20200819-WA0006-1440x1080.jpg 1440w, http:\/\/www.diekreativen.at\/wp-content\/uploads\/2022\/05\/IMG-20200819-WA0006.jpg 1600w\" sizes=\"(max-width: 1024px) 100vw, 1024px\" \/><div class=\"wp-block-cover__inner-container\">\n<p class=\"has-text-align-right has-large-font-size\"><strong>Dein ma\u00dfgeschneidertes Event<\/strong><\/p>\n\n\n\n<h2><\/h2>\n<\/div><\/div>\n","protected":false},"excerpt":{"rendered":"<p>Sie suchen: Z\u00fcndende Ideen Versierte Projektausf\u00fchrung Gute Drehb\u00fccher bzw. professionelle Regief\u00fchrung Kompetente Ansprechpartnerinnen&#8230; Kontaktieren Sie [&hellip;]<\/p>\n","protected":false},"author":1,"featured_media":311,"parent":0,"menu_order":0,"comment_status":"closed","ping_status":"closed","template":"","meta":[],"_links":{"self":[{"href":"http:\/\/www.diekreativen.at\/index.php?rest_route=\/wp\/v2\/pages\/210"}],"collection":[{"href":"http:\/\/www.diekreativen.at\/index.php?rest_route=\/wp\/v2\/pages"}],"about":[{"href":"http:\/\/www.diekreativen.at\/index.php?rest_route=\/wp\/v2\/types\/page"}],"author":[{"embeddable":true,"href":"http:\/\/www.diekreativen.at\/index.php?rest_route=\/wp\/v2\/users\/1"}],"replies":[{"embeddable":true,"href":"http:\/\/www.diekreativen.at\/index.php?rest_route=%2Fwp%2Fv2%2Fcomments&post=210"}],"version-history":[{"count":23,"href":"http:\/\/www.diekreativen.at\/index.php?rest_route=\/wp\/v2\/pages\/210\/revisions"}],"predecessor-version":[{"id":507,"href":"http:\/\/www.diekreativen.at\/index.php?rest_route=\/wp\/v2\/pages\/210\/revisions\/507"}],"wp:featuredmedia":[{"embeddable":true,"href":"http:\/\/www.diekreativen.at\/index.php?rest_route=\/wp\/v2\/media\/311"}],"wp:attachment":[{"href":"http:\/\/www.diekreativen.at\/index.php?rest_route=%2Fwp%2Fv2%2Fmedia&parent=210"}],"curies":[{"name":"wp","href":"https:\/\/api.w.org\/{rel}","templated":true}]}}